{"id":546,"date":"2024-07-05T12:14:57","date_gmt":"2024-07-05T12:14:57","guid":{"rendered":"https:\/\/foam-live.de\/?page_id=546"},"modified":"2025-08-08T20:05:37","modified_gmt":"2025-08-08T20:05:37","slug":"beitraege","status":"publish","type":"page","link":"https:\/\/foam-live.de\/?page_id=546","title":{"rendered":"Beitr\u00e4ge"},"content":{"rendered":"\n<h2 class=\"wp-block-heading has-large-font-size\">Erstellte Beitr\u00e4ge von Team FOAM &#8211; Live e.V.<\/h2>\n\n\n\n<p>Hier findet ihr Beitr\u00e4ge, welche durch das Team von FOAM &#8211; Live e.V. oder durch externe Referenten erstellt wurde. Die Beitr\u00e4ge k\u00f6nnt ihr euch kostenlos als PDF &#8211; herunterladen.<\/p>\n\n\n\n<hr class=\"wp-block-separator has-alpha-channel-opacity is-style-wide\"\/>\n\n\n\n<p class=\"has-theme-palette-3-color has-text-color has-link-color has-large-font-size wp-elements-c470bffe4cda70a6bd1dc538b7f13eae\"><strong>Palliative Notf\u00e4lle \u2013 Im Spannungsfeld zwischen Lebensrettung und Leidenslinderung<\/strong><\/p>\n\n\n\n<p>Der Rettungsdienst begegnet immer wieder Patient:innen, die aufgrund einer schweren Grunderkrankung dringend Hilfe ben\u00f6tigen. Nicht selten befinden sich diese Menschen in einer palliativen Situation. Neben Tumorerkrankungen z\u00e4hlen dazu auch viele Leiden, die in diesem Kontext oft \u00fcbersehen werden \u2013 etwa schwere Herzinsuffizienz, fortgeschrittene COPD oder neurodegenerative Erkrankungen.<\/p>\n\n\n\n<p>Im Mittelpunkt steht dabei stets der Wille der Patient:innen sowie die wirksame Symptomkontrolle. Beides kann das Einsatzteam im #Notfall vor gro\u00dfe Herausforderungen stellen.<\/p>\n\n\n\n<p>Bereits vor einiger Zeit haben Dr. med. Tim Eschbach, MHBA, Sven Heiligers und Tobias Feltus das Akronym #PALLIATION entwickelt \u2013 eine kompakte Orientierungshilfe f\u00fcr den palliativen Notfall. Nun wurde es aktualisiert und steht euch bei FOAM-live kostenfrei zum Download zur Verf\u00fcgung.<\/p>\n\n\n\n<p>Den Original-Podcast findet ihr hier:<a href=\" https:\/\/dierettungsaffen.com\/2022\/09\/06\/gin-serie-teil-4-palliative-notfalle-es-gibt-sie-podcast-folge\/\"> https:\/\/dierettungsaffen.com\/2022\/09\/06\/gin-serie-teil-4-palliative-notfalle-es-gibt-sie-podcast-folge\/<\/a><\/p>\n\n\n\n<div data-wp-interactive=\"core\/file\" class=\"wp-block-file\"><object data-wp-bind--hidden=\"!state.hasPdfPreview\" hidden class=\"wp-block-file__embed\" data=\"https:\/\/foam-live.de\/wp-content\/uploads\/2025\/08\/Notfallpalliation-Stand08_25.pdf\" type=\"application\/pdf\" style=\"width:100%;height:600px\" aria-label=\"Einbettung von Notfallpalliation Stand08_25.\"><\/object><a id=\"wp-block-file--media-dc9caf93-7b64-4a5b-a771-c5932ceb46d6\" href=\"https:\/\/foam-live.de\/wp-content\/uploads\/2025\/08\/Notfallpalliation-Stand08_25.pdf\">Notfallpalliation Stand08_25<\/a><a href=\"https:\/\/foam-live.de\/wp-content\/uploads\/2025\/08\/Notfallpalliation-Stand08_25.pdf\" class=\"wp-block-file__button wp-element-button\" download aria-describedby=\"wp-block-file--media-dc9caf93-7b64-4a5b-a771-c5932ceb46d6\">Herunterladen<\/a><\/div>\n\n\n\n<h1 class=\"wp-block-heading has-small-font-size\">Rettungsdienst #Notfallmedizin #Palliativmedizin #PalliativeCare #FOAMed #PalliativNotfall #Notfallteam #EMS #Paramedic #EmergencyMedicine<\/h1>\n\n\n\n<hr class=\"wp-block-separator has-alpha-channel-opacity is-style-wide\"\/>\n\n\n\n<p class=\"has-large-font-size\"><strong>Neue Grafik online: Fremdk\u00f6rperingestion und Fremdk\u00f6rperaspiration bei Kindern!<\/strong><\/p>\n\n\n\n<p>Kleine Ursache, gro\u00dfe Wirkung: Fremdk\u00f6rperingestion und Fremdk\u00f6rperaspriation sind potenziell lebensbedrohliche Ereignisse im Kindesalter. Gemeinsam mit Expert:innen haben wir die wichtigsten Fakten kompakt auf zwei Seiten f\u00fcr euch zusammengefasst \u2013 von Symptomen \u00fcber Diagnostik bis zur Therapie.<br><br><strong>Was euch erwartet:<\/strong><br>\u2013 Symptome<br>\u2013 Therapie<br>\u2013 Batterien<br>\u2013 Verlauf<br><br><strong>Quelle:<\/strong>&nbsp;<a href=\"https:\/\/register.awmf.org\/assets\/guidelines\/001-031l_S2k_Interdisziplinaere-Versorgung-Kinder-Fremdkoerperaspiration-Fremdkoerperingestion_2024-12.pdf\">AWMF-Leitlinie: https:\/\/register.awmf.org\/assets\/guidelines\/001-031l_S2k_Interdisziplinaere-Versorgung-Kinder-Fremdkoerperaspiration-Fremdkoerperingestion_2024-12.pdf<\/a><br><br>Ein besonderer Dank geht an <strong>Dr. med. Christian Gernoth<\/strong> und <strong>Prof. Dr. med. Jost Kaufmann<\/strong> f\u00fcr eure fachliche Unterst\u00fctzung und Expertise!<br><br>Jetzt reinschauen, merken und weitergeben!<\/p>\n\n\n\n<div data-wp-interactive=\"core\/file\" class=\"wp-block-file\"><object data-wp-bind--hidden=\"!state.hasPdfPreview\" hidden class=\"wp-block-file__embed\" data=\"https:\/\/foam-live.de\/wp-content\/uploads\/2025\/06\/Aspiration-und-Ingestion-von-Fremdkoerpern-3.pdf\" type=\"application\/pdf\" style=\"width:100%;height:600px\" aria-label=\"Einbettung von Aspiration und Ingestion von Fremdk\u00f6rpern.\"><\/object><a id=\"wp-block-file--media-9d2bccb7-b0e2-4805-8a9c-4e47a8ebca97\" href=\"https:\/\/foam-live.de\/wp-content\/uploads\/2025\/06\/Aspiration-und-Ingestion-von-Fremdkoerpern-3.pdf\">Aspiration und Ingestion von Fremdk\u00f6rpern<\/a><a href=\"https:\/\/foam-live.de\/wp-content\/uploads\/2025\/06\/Aspiration-und-Ingestion-von-Fremdkoerpern-3.pdf\" class=\"wp-block-file__button wp-element-button\" download aria-describedby=\"wp-block-file--media-9d2bccb7-b0e2-4805-8a9c-4e47a8ebca97\">Herunterladen<\/a><\/div>\n\n\n\n<hr class=\"wp-block-separator has-alpha-channel-opacity is-style-wide\"\/>\n\n\n\n<p><\/p>\n\n\n\n<p class=\"has-large-font-size\"><strong>P\u00e4diatrisches Trauma \u2013 Wichtige Aspekte auf einen Blick<\/strong><\/p>\n\n\n\n<p>Traumatische Verletzungen bei Kindern stellen eine besondere Herausforderung dar, da sie sich sowohl in ihrer Pathophysiologie als auch in der Versorgung deutlich von Erwachsenen unterscheiden. Um in kritischen Situationen schnell und sicher handeln zu k\u00f6nnen, haben wir die wichtigsten Aspekte auf einer kompakten \u00dcbersichtskarte zusammengefasst.<\/p>\n\n\n\n<p>Unsere Karte fokussiert sich auf zentrale Themen, die in der pr\u00e4klinischen und klinischen Notfallversorgung eine essenzielle Rolle spielen:<\/p>\n\n\n\n<p>\u2714 Verbrennungen<br>\u2714 Kritische Blutungen<br>\u2714 Trauma-CPR<br>\u2714 Thoraxdrainage<br>\u2714 Schweres SHT (Sch\u00e4del-Hirn-Trauma)<br>\u2714 Polytrauma<br>\u2714 Kindswohlgef\u00e4hrdung<\/p>\n\n\n\n<p>Diese \u00dcbersicht wurde basierend auf aktuellen wissenschaftlichen Erkenntnissen und Leitlinien erstellt.<\/p>\n\n\n\n<div data-wp-interactive=\"core\/file\" class=\"wp-block-file\" style=\"margin-top:0;margin-bottom:0;padding-top:0;padding-bottom:0\"><object data-wp-bind--hidden=\"!state.hasPdfPreview\" hidden class=\"wp-block-file__embed\" data=\"https:\/\/foam-live.de\/wp-content\/uploads\/2025\/03\/Kindliches-Trauma-FOAM-Live-e.V.pdf\" type=\"application\/pdf\" style=\"width:100%;height:600px\" aria-label=\"Einbettung von Kindliches Trauma FOAM-Live e.V.\"><\/object><a id=\"wp-block-file--media-ed5f3dca-6c69-47a8-93f6-914a4c4dd8f5\" href=\"https:\/\/foam-live.de\/wp-content\/uploads\/2025\/03\/Kindliches-Trauma-FOAM-Live-e.V.pdf\">Kindliches Trauma FOAM-Live e.V<\/a><a href=\"https:\/\/foam-live.de\/wp-content\/uploads\/2025\/03\/Kindliches-Trauma-FOAM-Live-e.V.pdf\" class=\"wp-block-file__button wp-element-button\" download aria-describedby=\"wp-block-file--media-ed5f3dca-6c69-47a8-93f6-914a4c4dd8f5\">Herunterladen<\/a><\/div>\n\n\n\n<p>Die vollst\u00e4ndigen Quellen zu unserer \u00dcbersichtskarte findet ihr hier:<br><br>Landsleitner B, Jung P, Lehner M: Das kindliche Polytrauma \u2013 neue Leitlinie. An\u00e4sth Intensivmed 2022;63:307\u2013319. DOI: 10.19224\/ai2022.307<br>S2K-Leitlinie \u201ePolytraumaversorgung im Kindesalter\u201c AWMF-Reg.-Nr. 006-120<br>S2K-Leitlinie \u201eDas Sch\u00e4del-Hirn-Trauma im Kindes- und Jugendalter\u201c AWMF-Reg.-Nr. 24-018<br>S2K-Leitlinie \u201eBehandlung thermischer Verletzungen im Kindesalter (Verbrennung, Verbr\u00fchung)\u201c AWMF-Reg.-Nr. 006-128<br>Hammerschlag, C., Feltus, T., Heiligers, S. (2024) Kritische \u00e4u\u00dfere Blutungen, in: retten! 13, 04, S. 231-241.<br>Hammerschlag, C., Feltus, T., Heiligers, S. (2024) Kritische innere Blutungen, in: retten! 13, 04, S. 222-230.<br><a href=\"https:\/\/www.notfallguru.de\/leitsymptome\/trauma\/misshandlung\">https:\/\/www.notfallguru.de\/leitsymptome\/trauma\/misshandlung<\/a><\/p>\n\n\n\n<hr class=\"wp-block-separator has-alpha-channel-opacity is-style-wide\"\/>\n\n\n\n<p class=\"has-large-font-size\"><br><strong>Esketamin: Wie man es richtig gut macht \u2013 Unsere neue \u00dcbersichtskarte<\/strong><\/p>\n\n\n\n<p>Im Rettungsdienst ist Esketamin ein unverzichtbares Medikament, insbesondere bei der Analgesie von Patienten mit starken Schmerzen. W\u00e4hrend unserer FOAM-Live Session im letzten Jahr haben wir gemeinsam mit Michael Stanley von dasFOAM verschiedene Applikationswege und deren Einsatzm\u00f6glichkeiten diskutiert. Die Erkenntnisse aus dieser Session haben wir nun auf einer praktischen Karte zusammengefasst, um den Einsatz von Esketamin noch sicherer und effektiver zu gestalten.<\/p>\n\n\n\n<p><strong>Was bietet die Karte?<\/strong><\/p>\n\n\n\n<p>Die \u00dcbersichtskarte enth\u00e4lt:<\/p>\n\n\n\n<ul class=\"wp-block-list\">\n<li><strong>Kurzinfusion<\/strong>: Dosierung, Verd\u00fcnnung und empfohlene Verabreichungsdauer.<\/li>\n\n\n\n<li><strong>Verneblung<\/strong>: Technische Anforderungen und Dosierungstipps.<\/li>\n\n\n\n<li><strong>Intramuskul\u00e4re Applikation<\/strong>: Wann und wie diese Methode sicher angewendet werden kann.<\/li>\n\n\n\n<li><strong>Intranasale Applikation <\/strong>\u00fcber den MAD (mucosal atomization device)<\/li>\n\n\n\n<li><strong>Rektale Applikation f\u00fcr S\u00e4uglinge <\/strong>&#8211; ein Plan B<\/li>\n\n\n\n<li><strong>Der geriatrische Notfallpatient mit Schmerzen<\/strong> &#8211; welche Dosierung?<\/li>\n\n\n\n<li><strong>Setting<\/strong>: Kontrolliere vor Ort das Setting, passe es bestm\u00f6glich an den Patienten an<\/li>\n<\/ul>\n\n\n\n<p><strong>Warum eine \u00dcbersichtskarte?<\/strong><\/p>\n\n\n\n<p>Eine schnelle Orientierung im Einsatz ist essenziell, um Patienten sicher und effektiv zu versorgen. Mit dieser Karte m\u00f6chten wir allen in der Pr\u00e4klinik Arbeitenden ein handliches Tool an die Hand geben, das sowohl als Nachschlagewerk als auch als Ged\u00e4chtnisst\u00fctze dient.<\/p>\n\n\n\n<p><strong>Quellen<\/strong><\/p>\n\n\n\n<ol class=\"wp-block-list\">\n<li><a href=\"https:\/\/www.fachinfo.de\/static\/lib\/pdfjs\/web\/viewer.html?file=\/fi\/pdf\/001435\/ketanest-r-s\">https:\/\/www.fachinfo.de\/static\/lib\/pdfjs\/web\/viewer.html?file=\/fi\/pdf\/001435\/ketanest-r-s<\/a><\/li>\n\n\n\n<li><a href=\"https:\/\/www.notfallguru.de\/leitsymptome\/skills\/schmerz\">https:\/\/www.notfallguru.de\/leitsymptome\/skills\/schmerz<\/a><\/li>\n\n\n\n<li><a href=\"https:\/\/dasfoam.org\/2016\/01\/01\/dgina2021stanley\/\">https:\/\/dasfoam.org\/2016\/01\/01\/dgina2021stanley\/<\/a><\/li>\n\n\n\n<li><a href=\"https:\/\/www.springermedizin.de\/emedpedia\/detail\/die-anaesthesiologie\/ketamin-in-anaesthesie-und-intensivmedizin?epediaDoi=10.1007\/978-3-662-45539-5_19\">https:\/\/www.springermedizin.de\/emedpedia\/detail\/die-anaesthesiologie\/ketamin-in-anaesthesie-und-intensivmedizin?epediaDoi=10.1007\/978-3-662-45539-5_19<\/a><\/li>\n<\/ol>\n\n\n\n<p>Und nat\u00fcrlich unsere Session bei YouTube findet ihr <a href=\"https:\/\/www.youtube.com\/watch?v=F0Q207HTyxs\">hier<\/a>!<\/p>\n\n\n\n<div data-wp-interactive=\"core\/file\" class=\"wp-block-file\"><object data-wp-bind--hidden=\"!state.hasPdfPreview\" hidden class=\"wp-block-file__embed\" data=\"https:\/\/foam-live.de\/wp-content\/uploads\/2025\/01\/esKETAmin-Analgesie-V1.2.pdf\" type=\"application\/pdf\" style=\"width:100%;height:600px\" aria-label=\"Einbettung von esKETAmin Analgesie V1.2.\"><\/object><a id=\"wp-block-file--media-b14149a1-63c2-4ea9-a789-1ca89a169d6a\" href=\"https:\/\/foam-live.de\/wp-content\/uploads\/2025\/01\/esKETAmin-Analgesie-V1.2.pdf\">esKETAmin Analgesie V1.2<\/a><a href=\"https:\/\/foam-live.de\/wp-content\/uploads\/2025\/01\/esKETAmin-Analgesie-V1.2.pdf\" class=\"wp-block-file__button wp-element-button\" download aria-describedby=\"wp-block-file--media-b14149a1-63c2-4ea9-a789-1ca89a169d6a\">Herunterladen<\/a><\/div>\n\n\n\n<p><\/p>\n\n\n\n<hr class=\"wp-block-separator has-alpha-channel-opacity is-style-wide\"\/>\n\n\n\n<p><\/p>\n\n\n\n<p class=\"has-large-font-size\"><strong>Gerinnung bei Polytrauma<\/strong><\/p>\n\n\n\n<p>Vielen Dank an Dr. Heiko Lier f\u00fcr diesen Vortrag und das zur Verf\u00fcgung stellen der Pr\u00e4sentation.<\/p>\n\n\n\n<div data-wp-interactive=\"core\/file\" class=\"wp-block-file\"><object data-wp-bind--hidden=\"!state.hasPdfPreview\" hidden class=\"wp-block-file__embed\" data=\"https:\/\/foam-live.de\/wp-content\/uploads\/2024\/11\/Lier_GerinnungPolytrauma_FOAMlive2024_1.pdf\" type=\"application\/pdf\" style=\"width:100%;height:600px\" aria-label=\"Einbettung von Lier_GerinnungPolytrauma_FOAMlive2024_1.\"><\/object><a id=\"wp-block-file--media-51bbd88e-5d1e-4588-a586-3f6c1bf166ce\" href=\"https:\/\/foam-live.de\/wp-content\/uploads\/2024\/11\/Lier_GerinnungPolytrauma_FOAMlive2024_1.pdf\">Lier_GerinnungPolytrauma_FOAMlive2024_1<\/a><a href=\"https:\/\/foam-live.de\/wp-content\/uploads\/2024\/11\/Lier_GerinnungPolytrauma_FOAMlive2024_1.pdf\" class=\"wp-block-file__button wp-element-button\" download aria-describedby=\"wp-block-file--media-51bbd88e-5d1e-4588-a586-3f6c1bf166ce\">Herunterladen<\/a><\/div>\n\n\n\n<hr class=\"wp-block-separator has-alpha-channel-opacity is-style-wide\"\/>\n\n\n\n<p><\/p>\n\n\n\n<p class=\"has-large-font-size\"><strong>Das Akronym &#8222;MEDIS&#8220;<\/strong><\/p>\n\n\n\n<p><strong>\u201eSchon wieder ein neues Akronym in der Notfallmedizin?\u201c \u2013 Warum MEDIS Sinn macht<\/strong><\/p>\n\n\n\n<p>In der Notfallmedizin haben sich Akronyme etabliert, um wichtige Informationen strukturiert und effizient abzufragen \u2013 gerade dann, wenn es schnell gehen muss. Nun kommt ein weiteres hinzu: MEDIS. Aber brauchen wir wirklich noch ein Akronym? Die Antwort lautet: Ja, denn MEDIS hilft, die Medikamentenanamnese systematisch zu erfassen und dabei potenzielle Risiken zu erkennen, die durch Medikation oder deren Wechselwirkungen entstehen k\u00f6nnen.<\/p>\n\n\n\n<p>Obwohl MEDIS insbesondere bei geriatrischen Patienten hilfreich ist, bei denen die Einnahme mehrerer Medikamente sehr h\u00e4ufig zur Routine geh\u00f6rt, profitieren auch j\u00fcngere Patientengruppen von einer pr\u00e4zisen Medikamentenanamnese. Unvertr\u00e4glichkeiten, Dosierungsfehler, Medikamentenwechselwirkungen und Einnahme anderer Substanzen k\u00f6nnen versteckte Ursachen f\u00fcr Beschwerden oder gar der Grund f\u00fcr die Klinikeinweisung sein.<\/p>\n\n\n\n<p><strong>Mit MEDIS erweitern wir den Buchstaben \u201eM\u201c (Medikation) im bew\u00e4hrten SAMPLER-Ablaufschema und gestalten die Medikamentenanamnese noch pr\u00e4ziser:<\/strong><\/p>\n\n\n\n<pre class=\"wp-block-code\"><code>\u2022   Medikamentenplan: Ist dies der aktuelle Medikamentenplan?\n\u2022   Erg\u00e4nzungen und Einnahme: Gab es k\u00fcrzlich Erg\u00e4nzungen oder \u00c4nderungen? Wann war die letzte Anpassung? Wann wurden die letzten Medikamente eingenommen?\n\u2022   Dosierung und Compliance: Werden die Medikamente wie verordnet regelm\u00e4\u00dfig eingenommen?\n\u2022   Interaktionen: Gibt es potenzielle Wechselwirkungen mit anderen Medikamenten oder Substanzen?\n\u2022   Substanzen und Unvertr\u00e4glichkeiten: Werden andere nicht verordnete bzw. verschriebene Substanzen zus\u00e4tzlich eingenommen? Gibt es bekannte Unvertr\u00e4glichkeiten?<\/code><\/pre>\n\n\n\n<figure class=\"wp-block-image size-large\"><img data-dominant-color=\"eff0f0\" data-has-transparency=\"false\" style=\"--dominant-color: #eff0f0;\" fetchpriority=\"high\" decoding=\"async\" width=\"728\" height=\"1024\" sizes=\"(max-width: 728px) 100vw, 728px\" src=\"https:\/\/foam-live.de\/wp-content\/uploads\/2024\/11\/Anamneseerhebung-mit-MEDIS-728x1024.webp\" alt=\"\" class=\"wp-image-748 not-transparent\" srcset=\"https:\/\/foam-live.de\/wp-content\/uploads\/2024\/11\/Anamneseerhebung-mit-MEDIS-728x1024.webp 728w, https:\/\/foam-live.de\/wp-content\/uploads\/2024\/11\/Anamneseerhebung-mit-MEDIS-213x300.webp 213w, https:\/\/foam-live.de\/wp-content\/uploads\/2024\/11\/Anamneseerhebung-mit-MEDIS-768x1080.webp 768w, https:\/\/foam-live.de\/wp-content\/uploads\/2024\/11\/Anamneseerhebung-mit-MEDIS-1092x1536.webp 1092w, https:\/\/foam-live.de\/wp-content\/uploads\/2024\/11\/Anamneseerhebung-mit-MEDIS-png.webp 1246w\" \/><\/figure>\n\n\n\n<p>MEDIS geht also \u00fcber eine einfache Medikamentenliste hinaus: Es erfasst die Art und Weise der Einnahme, m\u00f6gliche Nebenwirkungen und Ver\u00e4nderungen, was letztlich entscheidend f\u00fcr die Diagnosestellung und das Management vieler Notfallpatienten sein kann.<\/p>\n\n\n\n<p><strong>Frailty erkennen \u2013 mit dem Akronym FRAIL<\/strong><\/p>\n\n\n\n<p>Ein weiteres oft untersch\u00e4tztes Risiko bei \u00e4lteren Patienten ist Frailty (Gebrechlichkeit). Frailty beschreibt nicht nur k\u00f6rperliche Schw\u00e4che, sondern auch eine erh\u00f6hte Anf\u00e4lligkeit gegen\u00fcber belastenden Einfl\u00fcssen, die sowohl intern als auch extern wirken k\u00f6nnen. Diese Vulnerabilit\u00e4t erh\u00f6ht das Risiko f\u00fcr St\u00fcrze, wiederholte Krankenhausaufenthalte und eine allgemein schlechtere Prognose. Daher ist es f\u00fcr die Notfallmedizin von Bedeutung, Frailty fr\u00fchzeitig zu erkennen, um gezielte Ma\u00dfnahmen einzuleiten.<\/p>\n\n\n\n<p>Mit dem Akronym FRAIL l\u00e4sst sich der Verdacht auf Frailty nach Fried et. al leicht erfassen:<\/p>\n\n\n\n<pre class=\"wp-block-code\"><code>\u2022   Fatigue (M\u00fcdigkeit)\n\u2022   Resistance (Muskelkraft)\n\u2022   Ambulation (Gehf\u00e4higkeit)\n\u2022   Illness (Krankheiten)\n\u2022   Loss of weight (Gewichtsverlust)<\/code><\/pre>\n\n\n\n<p>Frailty beschreibt ein multidimensionales Syndrom, das durch Dysregulation in mehreren physiologischen Systemen entsteht, darunter das endokrine, immunologische oder muskuloskelettale System. Frailty ist dabei nicht gleichzusetzen mit Behinderung oder Multimorbidit\u00e4t und kann auch unabh\u00e4ngig davon auftreten. Ihr Erkennen ist von prognostischer Relevanz, denn es erm\u00f6glicht eine gezielte Behandlung und ggf. die Einbindung geriatrischer Expertise.<\/p>\n\n\n\n<p>Ob bei der Medikamentenanamnese mit MEDIS oder der Frailty-Bewertung mit FRAIL \u2013 diese Ans\u00e4tze helfen, die Versorgung von Notfallpatienten aller Altersgruppen zu verbessern. So wird sichergestellt, dass auch weniger offensichtliche Risikofaktoren und versteckte Ursachen f\u00fcr Beschwerden nicht \u00fcbersehen werden.<\/p>\n\n\n\n<p>Das Ganze gibts <a href=\"https:\/\/www.dropbox.com\/scl\/fi\/cwgh8o01gkrp6fwwtzf4z\/Augenmerk-Anamneseerhebung-bei-geriatrischen-Notfallpatienten-V1.1.pdf?rlkey=u2d5nxzqb30hym82k8mycnljz&amp;st=6g86j7v3&amp;dl=0\"><strong>hier<\/strong><\/a> zum Download!<\/p>\n\n\n\n<hr class=\"wp-block-separator has-alpha-channel-opacity is-style-wide\"\/>\n\n\n\n<h3 class=\"wp-block-heading has-large-font-size\">Patienten mit LVAD &#8211; System:<\/h3>\n\n\n\n<p>&nbsp;<\/p>\n\n\n\n<div data-wp-interactive=\"core\/file\" class=\"wp-block-file\"><object data-wp-bind--hidden=\"!state.hasPdfPreview\" hidden class=\"wp-block-file__embed\" data=\"https:\/\/foam-live.de\/wp-content\/uploads\/2024\/07\/Umgang-mit-LVAD-Patienten.pdf\" type=\"application\/pdf\" style=\"width:100%;height:420px\" aria-label=\"Einbettung von Umgang-mit-LVAD-Patienten.\"><\/object><a id=\"wp-block-file--media-92db376c-a0cf-4274-9d94-586e3a60a71c\" href=\"https:\/\/foam-live.de\/wp-content\/uploads\/2024\/07\/Umgang-mit-LVAD-Patienten.pdf\">Umgang-mit-LVAD-Patienten<\/a><a href=\"https:\/\/foam-live.de\/wp-content\/uploads\/2024\/07\/Umgang-mit-LVAD-Patienten.pdf\" class=\"wp-block-file__button wp-element-button\" download aria-describedby=\"wp-block-file--media-92db376c-a0cf-4274-9d94-586e3a60a71c\">Herunterladen<\/a><\/div>\n\n\n\n<p>&nbsp;<\/p>\n\n\n\n<h3 class=\"wp-block-heading\">Erg\u00e4nzung: Reanimation bei LVAD &#8211; Patienten<\/h3>\n\n\n\n<p><\/p>\n\n\n\n<p>In seltenen F\u00e4llen kann es trotz der Unterst\u00fctzung durch ein LVAD zu einer Reanimationssituation kommen. In solchen Situationen ist es wichtig, dass das Rettungsteam (impliziert Rettungsfachpersonal und das not\u00e4rztliche Personal) gem\u00e4\u00df den aktuellen Leitlinien zur kardiopulmonalen Reanimation (CPR) handelt. Die Durchf\u00fchrung der Reanimation sollte ohne Verz\u00f6gerung und nach den standardisierten Protokollen erfolgen.<\/p>\n\n\n\n<p>Es ist jedoch wichtig , sich der speziellen Risiken bewusst zu sein, die bei LVAD-Patienten bestehen k\u00f6nnen:<\/p>\n\n\n\n<ol class=\"wp-block-list\">\n<li>Dislokation des LVAD: Bei der Durchf\u00fchrung von Thoraxkompressionen besteht die M\u00f6glichkeit, dass Kan\u00fclen oder andere Komponenten des LVAD verschoben werden.<\/li>\n\n\n\n<li>Verletzungsrisiko: Aufgrund der bestehenden Implantate und k\u00f6rperlichen Gegebenheiten von LVAD-Patienten ist das Risiko von Verletzungen, wie Rippenfrakturen oder anderen thorakalen Verletzungen, erh\u00f6ht.<\/li>\n\n\n\n<li>Besch\u00e4digung der Kan\u00fclen: Thoraxkompressionen k\u00f6nnen die Kan\u00fclen des LVAD beeintr\u00e4chtigen, was zu weiteren Komplikationen f\u00fchren kann.<\/li>\n<\/ol>\n\n\n\n<p>Trotz dieser Risiken gibt es in der pr\u00e4klinischen Phase keine Alternative zur Durchf\u00fchrung der Reanimation. Die sofortige und effektive Anwendung der CPR bleibt die wichtigste Ma\u00dfnahme, um das \u00dcberleben des Patienten zu sichern.<\/p>\n\n\n\n<h4 class=\"wp-block-heading\">Erg\u00e4nzung zum Thema Defibrillation bei LVAD-Patienten<\/h4>\n\n\n\n<p>LVAD-Patienten k\u00f6nnen auch durch Ansaugph\u00e4nomene, QT-Verl\u00e4ngerungen und Myokardisch\u00e4mien Herzrhythmusst\u00f6rungen erleiden. Selbst bei einem Kammerflimmern k\u00f6nnen solche Patienten ansprechbar sein und m\u00fcssen somit eventuell nicht sofort defibrilliert werden.<\/p>\n\n\n\n<p>Eile ist trotzdem geboten, denn das weitere Vorgehen sollte schnellstm\u00f6glich in Absprache mit der kardiochirurgischen Abteilung abgestimmt werden, insbesondere im Hinblick auf eine m\u00f6glicherweise verschlechterte RV-Funktion.<\/p>\n\n\n\n<p>Sollten eine Defibrillation oder eine externe Schrittmachertherapie notwendig sein, dann sollte dies durchgef\u00fchrt werden.<\/p>\n\n\n\n<p>Auch Herzrhythmusst\u00f6rungen, die zu einer h\u00e4modynamisch relevanten Verschlechterung f\u00fchren, sollten leitliniengerecht behandelt werden.<\/p>\n\n\n\n<p>Zeichen daf\u00fcr k\u00f6nnen beispielsweise eine Vigilanzminderung in Kombination mit einem LVAD-Fluss unter 1,5 l\/min oder ein etCO2 unter 20 mmHg sein.<\/p>\n\n\n\n<p><strong>Fazit<\/strong>:<\/p>\n\n\n\n<ol class=\"wp-block-list\">\n<li>Wenn der Patient reanimationspflichtig ist, sollten leitliniengerechte Thoraxkompressionen durchgef\u00fchrt werden.<\/li>\n\n\n\n<li>Das Notfallmanagement bei LVAD-Patienten erfordert spezifische Kenntnisse und eine sorgf\u00e4ltige Abw\u00e4gung der Risiken und Ma\u00dfnahmen. Schulungen und ein enger Austausch mit der kardiochirurgischen Abteilung sind essentiell, um in Notfallsituationen optimal handeln zu k\u00f6nnen.<\/li>\n\n\n\n<li>Auch Herzrhythmusst\u00f6rungen, die zu einer h\u00e4modynamisch relevanten Verschlechterung f\u00fchren, sollten leitliniengerecht behandelt werden.<\/li>\n<\/ol>\n\n\n\n<p><strong>F\u00fcr weiterf\u00fchrende Informationen empfehlen wir:<\/strong><\/p>\n\n\n\n<p>Pilarczyk, K., Boeken, U., Beckmann, A., Markewitz, A., Schulze, P. C., Pin, M., &#8230; &amp; Michels, G. (2020). Empfehlungen zum Notfallmanagement von Patienten mit permanenten Herzunterst\u00fctzungssystemen. Zeitschrift f\u00fcr Herz-, Thorax-und Gefa\u00dfchirurgie, 34 (3), 171-183.<\/p>\n\n\n\n<p><\/p>\n","protected":false},"excerpt":{"rendered":"<p>Erstellte Beitr\u00e4ge von Team FOAM &#8211; Live e.V. Hier findet ihr Beitr\u00e4ge, welche durch das Team von FOAM &#8211; Live e.V. oder durch externe Referenten erstellt wurde. Die Beitr\u00e4ge k\u00f6nnt ihr euch kostenlos als PDF &#8211; herunterladen. Palliative Notf\u00e4lle \u2013 Im Spannungsfeld zwischen Lebensrettung und Leidenslinderung Der Rettungsdienst begegnet immer wieder Patient:innen, die aufgrund einer&#8230;<\/p>\n","protected":false},"author":3,"featured_media":0,"parent":0,"menu_order":0,"comment_status":"closed","ping_status":"closed","template":"","meta":{"_kad_post_transparent":"disable","_kad_post_title":"show","_kad_post_layout":"default","_kad_post_sidebar_id":"","_kad_post_content_style":"boxed","_kad_post_vertical_padding":"show","_kad_post_feature":"hide","_kad_post_feature_position":"","_kad_post_header":false,"_kad_post_footer":false,"_kad_post_classname":"","footnotes":""},"class_list":["post-546","page","type-page","status-publish","hentry"],"_links":{"self":[{"href":"https:\/\/foam-live.de\/index.php?rest_route=\/wp\/v2\/pages\/546","targetHints":{"allow":["GET"]}}],"collection":[{"href":"https:\/\/foam-live.de\/index.php?rest_route=\/wp\/v2\/pages"}],"about":[{"href":"https:\/\/foam-live.de\/index.php?rest_route=\/wp\/v2\/types\/page"}],"author":[{"embeddable":true,"href":"https:\/\/foam-live.de\/index.php?rest_route=\/wp\/v2\/users\/3"}],"replies":[{"embeddable":true,"href":"https:\/\/foam-live.de\/index.php?rest_route=%2Fwp%2Fv2%2Fcomments&post=546"}],"version-history":[{"count":0,"href":"https:\/\/foam-live.de\/index.php?rest_route=\/wp\/v2\/pages\/546\/revisions"}],"wp:attachment":[{"href":"https:\/\/foam-live.de\/index.php?rest_route=%2Fwp%2Fv2%2Fmedia&parent=546"}],"curies":[{"name":"wp","href":"https:\/\/api.w.org\/{rel}","templated":true}]}}