{"id":443,"date":"2024-06-17T18:03:05","date_gmt":"2024-06-17T18:03:05","guid":{"rendered":"https:\/\/foam-live.de\/?page_id=443"},"modified":"2025-03-28T06:14:46","modified_gmt":"2025-03-28T06:14:46","slug":"kooperationen-und-sponsoren","status":"publish","type":"page","link":"https:\/\/foam-live.de\/?page_id=443","title":{"rendered":"Kooperationen und Sponsoren"},"content":{"rendered":"\n<div class=\"wp-block-group\"><div class=\"wp-block-group__inner-container is-layout-constrained wp-block-group-is-layout-constrained\">\n<p><strong>Kooperationspartner<\/strong>:<\/p>\n\n\n\n<p>Wir bei FOAM-Live e.V. m\u00f6chten unseren Kooperationspartnern unseren tiefen Dank aussprechen. Ihre Unterst\u00fctzung ist von unsch\u00e4tzbarem Wert und tr\u00e4gt ma\u00dfgeblich dazu bei, unsere Mission der freien und unabh\u00e4ngigen notfallmedizinischen Wissensvermittlung zu verwirklichen.<\/p>\n\n\n\n<p><strong>Unabh\u00e4ngigkeit und Transparenz<\/strong>:<\/p>\n\n\n\n<p>Wir m\u00f6chten ausdr\u00fccklich betonen, dass die Inhalte unserer Fortbildungen und Beitr\u00e4ge vollkommen frei von Interessenskonflikten sind. Unsere Arbeit bleibt unabh\u00e4ngig, um sicherzustellen, dass die vermittelten Informationen stets objektiv und wissenschaftlich fundiert sind.<\/p>\n<\/div><\/div>\n\n\n\n<hr class=\"wp-block-separator aligncenter has-alpha-channel-opacity\"\/>\n\n\n\n<p><strong>Kooperationspartner:<\/strong> <\/p>\n\n\n\n<div class=\"wp-block-columns is-layout-flex wp-container-core-columns-is-layout-9d6595d7 wp-block-columns-is-layout-flex\">\n<div class=\"wp-block-column is-vertically-aligned-center is-layout-flow wp-block-column-is-layout-flow\" style=\"flex-basis:100%\">\n<div class=\"wp-block-group is-nowrap is-layout-flex wp-container-core-group-is-layout-ad2f72ca wp-block-group-is-layout-flex\">\n<p> <br> <br><\/p>\n\n\n\n<figure class=\"wp-block-image size-full is-resized\"><a href=\"https:\/\/www.dbrd.de\"><img fetchpriority=\"high\" decoding=\"async\" width=\"1375\" height=\"609\" sizes=\"(max-width: 1375px) 100vw, 1375px\" src=\"https:\/\/foam-live.de\/wp-content\/uploads\/2024\/06\/DBRD.jpeg\" alt=\"\" class=\"wp-image-445\" style=\"width:388px;height:auto\" srcset=\"https:\/\/foam-live.de\/wp-content\/uploads\/2024\/06\/DBRD.jpeg 1375w, https:\/\/foam-live.de\/wp-content\/uploads\/2024\/06\/DBRD-300x133.jpeg 300w, https:\/\/foam-live.de\/wp-content\/uploads\/2024\/06\/DBRD-1024x454.jpeg 1024w, https:\/\/foam-live.de\/wp-content\/uploads\/2024\/06\/DBRD-768x340.jpeg 768w\" \/><\/a><\/figure>\n<\/div>\n\n\n\n<figure class=\"wp-block-image size-large is-resized\"><a href=\"https:\/\/www.bvrd.at\"><img data-dominant-color=\"cfdfe5\" data-has-transparency=\"false\" decoding=\"async\" width=\"1024\" height=\"352\" sizes=\"(max-width: 1024px) 100vw, 1024px\" src=\"https:\/\/foam-live.de\/wp-content\/uploads\/2024\/10\/BVRDat-1024x352.webp\" alt=\"\" class=\"wp-image-716 not-transparent\" style=\"--dominant-color: #cfdfe5; width:425px;height:auto\" srcset=\"https:\/\/foam-live.de\/wp-content\/uploads\/2024\/10\/BVRDat-1024x352.webp 1024w, https:\/\/foam-live.de\/wp-content\/uploads\/2024\/10\/BVRDat-300x103.webp 300w, https:\/\/foam-live.de\/wp-content\/uploads\/2024\/10\/BVRDat-768x264.webp 768w, https:\/\/foam-live.de\/wp-content\/uploads\/2024\/10\/BVRDat-jpg.webp 1360w\" \/><\/a><\/figure>\n<\/div>\n<\/div>\n\n\n\n<hr class=\"wp-block-separator aligncenter has-alpha-channel-opacity\"\/>\n\n\n\n<p><strong>Sponsoren: <\/strong><\/p>\n\n\n\n<div class=\"wp-block-columns is-layout-flex wp-container-core-columns-is-layout-9d6595d7 wp-block-columns-is-layout-flex\">\n<div class=\"wp-block-column is-layout-flow wp-block-column-is-layout-flow\" style=\"flex-basis:100%\"><div class=\"wp-block-image\">\n<figure class=\"alignleft size-large is-resized\"><a href=\"https:\/\/www.atem-life.de\"><img decoding=\"async\" width=\"1024\" height=\"981\" sizes=\"(max-width: 1024px) 100vw, 1024px\" src=\"https:\/\/foam-live.de\/wp-content\/uploads\/2024\/06\/Atem-Sven-2-1-1024x981.png\" alt=\"\" class=\"wp-image-447\" style=\"width:242px;height:auto\" srcset=\"https:\/\/foam-live.de\/wp-content\/uploads\/2024\/06\/Atem-Sven-2-1-1024x981.png 1024w, https:\/\/foam-live.de\/wp-content\/uploads\/2024\/06\/Atem-Sven-2-1-300x288.png 300w, https:\/\/foam-live.de\/wp-content\/uploads\/2024\/06\/Atem-Sven-2-1-768x736.png 768w, https:\/\/foam-live.de\/wp-content\/uploads\/2024\/06\/Atem-Sven-2-1-1536x1472.png 1536w, https:\/\/foam-live.de\/wp-content\/uploads\/2024\/06\/Atem-Sven-2-1-2048x1963.png 2048w\" \/><\/a><\/figure>\n<\/div><\/div>\n<\/div>\n\n\n\n<figure class=\"wp-block-image size-full is-resized\"><img data-dominant-color=\"0c171e\" data-has-transparency=\"true\" loading=\"lazy\" decoding=\"async\" width=\"796\" height=\"231\" sizes=\"(max-width: 796px) 100vw, 796px\" src=\"https:\/\/foam-live.de\/wp-content\/uploads\/2025\/03\/nordiska_logo_schwarz_farbig_png-1-png.webp\" alt=\"\" class=\"wp-image-847 has-transparency\" style=\"--dominant-color: #0c171e; width:580px;height:auto\" srcset=\"https:\/\/foam-live.de\/wp-content\/uploads\/2025\/03\/nordiska_logo_schwarz_farbig_png-1-png.webp 796w, https:\/\/foam-live.de\/wp-content\/uploads\/2025\/03\/nordiska_logo_schwarz_farbig_png-1-300x87.webp 300w, https:\/\/foam-live.de\/wp-content\/uploads\/2025\/03\/nordiska_logo_schwarz_farbig_png-1-768x223.webp 768w\" \/><\/figure>\n\n\n\n<p><\/p>\n","protected":false},"excerpt":{"rendered":"<p>Kooperationspartner: Wir bei FOAM-Live e.V. m\u00f6chten unseren Kooperationspartnern unseren tiefen Dank aussprechen. Ihre Unterst\u00fctzung ist von unsch\u00e4tzbarem Wert und tr\u00e4gt ma\u00dfgeblich dazu bei, unsere Mission der freien und unabh\u00e4ngigen notfallmedizinischen Wissensvermittlung zu verwirklichen. Unabh\u00e4ngigkeit und Transparenz: Wir m\u00f6chten ausdr\u00fccklich betonen, dass die Inhalte unserer Fortbildungen und Beitr\u00e4ge vollkommen frei von Interessenskonflikten sind. Unsere Arbeit bleibt&#8230;<\/p>\n","protected":false},"author":3,"featured_media":0,"parent":0,"menu_order":0,"comment_status":"closed","ping_status":"closed","template":"","meta":{"_kad_post_transparent":"","_kad_post_title":"","_kad_post_layout":"","_kad_post_sidebar_id":"","_kad_post_content_style":"","_kad_post_vertical_padding":"","_kad_post_feature":"","_kad_post_feature_position":"","_kad_post_header":false,"_kad_post_footer":false,"_kad_post_classname":"","footnotes":""},"class_list":["post-443","page","type-page","status-publish","hentry"],"_links":{"self":[{"href":"https:\/\/foam-live.de\/index.php?rest_route=\/wp\/v2\/pages\/443","targetHints":{"allow":["GET"]}}],"collection":[{"href":"https:\/\/foam-live.de\/index.php?rest_route=\/wp\/v2\/pages"}],"about":[{"href":"https:\/\/foam-live.de\/index.php?rest_route=\/wp\/v2\/types\/page"}],"author":[{"embeddable":true,"href":"https:\/\/foam-live.de\/index.php?rest_route=\/wp\/v2\/users\/3"}],"replies":[{"embeddable":true,"href":"https:\/\/foam-live.de\/index.php?rest_route=%2Fwp%2Fv2%2Fcomments&post=443"}],"version-history":[{"count":0,"href":"https:\/\/foam-live.de\/index.php?rest_route=\/wp\/v2\/pages\/443\/revisions"}],"wp:attachment":[{"href":"https:\/\/foam-live.de\/index.php?rest_route=%2Fwp%2Fv2%2Fmedia&parent=443"}],"curies":[{"name":"wp","href":"https:\/\/api.w.org\/{rel}","templated":true}]}}