{"id":308,"date":"2024-04-16T09:03:57","date_gmt":"2024-04-16T09:03:57","guid":{"rendered":"https:\/\/foam-live.de\/?page_id=308"},"modified":"2026-03-09T06:21:46","modified_gmt":"2026-03-09T06:21:46","slug":"team-foam-live","status":"publish","type":"page","link":"https:\/\/foam-live.de\/?page_id=308","title":{"rendered":"Team FOAM &#8211; Live"},"content":{"rendered":"\n<div class=\"wp-block-media-text is-stacked-on-mobile is-vertically-aligned-center\" style=\"grid-template-columns:40% auto\"><figure class=\"wp-block-media-text__media\"><img fetchpriority=\"high\" decoding=\"async\" width=\"874\" height=\"1024\" src=\"https:\/\/foam-live.de\/wp-content\/uploads\/2024\/04\/Sven-Heiligers-874x1024.jpg\" alt=\"\" class=\"wp-image-315 size-full\" srcset=\"https:\/\/foam-live.de\/wp-content\/uploads\/2024\/04\/Sven-Heiligers-874x1024.jpg 874w, https:\/\/foam-live.de\/wp-content\/uploads\/2024\/04\/Sven-Heiligers-256x300.jpg 256w, https:\/\/foam-live.de\/wp-content\/uploads\/2024\/04\/Sven-Heiligers-768x900.jpg 768w, https:\/\/foam-live.de\/wp-content\/uploads\/2024\/04\/Sven-Heiligers-1311x1536.jpg 1311w, https:\/\/foam-live.de\/wp-content\/uploads\/2024\/04\/Sven-Heiligers-1748x2048.jpg 1748w\" sizes=\"(max-width: 874px) 100vw, 874px\" \/><\/figure><div class=\"wp-block-media-text__content\">\n<div class=\"wp-block-group\"><div class=\"wp-block-group__inner-container is-layout-constrained wp-block-group-is-layout-constrained\">\n<div class=\"wp-block-group\"><div class=\"wp-block-group__inner-container is-layout-constrained wp-block-group-is-layout-constrained\">\n<div class=\"wp-block-group\"><div class=\"wp-block-group__inner-container is-layout-constrained wp-block-group-is-layout-constrained\">\n<h2 class=\"wp-block-heading\">1. Vorsitzender <\/h2>\n\n\n\n<h4 class=\"wp-block-heading\">Sven Heiligers<\/h4>\n<\/div><\/div>\n\n\n\n<div class=\"wp-block-group\"><div class=\"wp-block-group__inner-container is-layout-constrained wp-block-group-is-layout-constrained\">\n<p class=\"has-text-align-left\">&#8230; ist seit \u00fcber 15 Jahren im Rettungsdienst beheimatet. Er ist Notfallsanit\u00e4ter und Praxisanleiter. Neben der Stra\u00dfenarbeit hat er auch viel innerklinisch gearbeitet, sowohl auf Intensivstationen als auch in der An\u00e4sthesie. Er kann auf eine sehr umfangreiche Erfahrung in der Erwachsenenbildung blicken, unterrichtet au\u00dferdem in internationalen Kursformaten wie ACLS, AMLS, EPC, PALS, PHTLS und GEMS als Instruktor, ist zus\u00e4tzlich Kurskoordinator und nationaler Koordinator von GEMS und stellvertretender nationaler Koordinator von EPC Deutschland.<\/p>\n<\/div><\/div>\n<\/div><\/div>\n<\/div><\/div>\n<\/div><\/div>\n\n\n\n<p><\/p>\n\n\n\n<div class=\"wp-block-group\"><div class=\"wp-block-group__inner-container is-layout-constrained wp-block-group-is-layout-constrained\">\n<div class=\"wp-block-media-text is-stacked-on-mobile is-vertically-aligned-center\" style=\"grid-template-columns:40% auto\"><figure class=\"wp-block-media-text__media\"><img decoding=\"async\" width=\"860\" height=\"1024\" src=\"https:\/\/foam-live.de\/wp-content\/uploads\/2024\/04\/Catharina-Hammerschlag-860x1024.jpg\" alt=\"\" class=\"wp-image-316 size-full\" srcset=\"https:\/\/foam-live.de\/wp-content\/uploads\/2024\/04\/Catharina-Hammerschlag-860x1024.jpg 860w, https:\/\/foam-live.de\/wp-content\/uploads\/2024\/04\/Catharina-Hammerschlag-252x300.jpg 252w, https:\/\/foam-live.de\/wp-content\/uploads\/2024\/04\/Catharina-Hammerschlag-768x915.jpg 768w, https:\/\/foam-live.de\/wp-content\/uploads\/2024\/04\/Catharina-Hammerschlag-1290x1536.jpg 1290w, https:\/\/foam-live.de\/wp-content\/uploads\/2024\/04\/Catharina-Hammerschlag-1719x2048.jpg 1719w\" sizes=\"(max-width: 860px) 100vw, 860px\" \/><\/figure><div class=\"wp-block-media-text__content\">\n<div class=\"wp-block-group\"><div class=\"wp-block-group__inner-container is-layout-constrained wp-block-group-is-layout-constrained\">\n<h2 class=\"wp-block-heading\">2. Vorsitzende <\/h2>\n\n\n\n<h4 class=\"wp-block-heading\">Catharina Heiligers<\/h4>\n\n\n\n<p>&#8230; ist Fach\u00e4rztin &nbsp;f\u00fcr An\u00e4sthesie, Intensivmedizin und Schmerzmedizin, Not\u00e4rztin, PALS Providerin und Instruktorin, ACLS und PHTLS Provider, Dozentin in der Erwachsenenbildung, wissenschaftliche Leitung ATEM, examinierte Krankenschwester.<\/p>\n<\/div><\/div>\n<\/div><\/div>\n<\/div><\/div>\n\n\n\n<p><\/p>\n\n\n\n<div class=\"wp-block-media-text is-stacked-on-mobile is-vertically-aligned-center\" style=\"grid-template-columns:40% auto\"><figure class=\"wp-block-media-text__media\"><img decoding=\"async\" width=\"768\" height=\"1024\" src=\"https:\/\/foam-live.de\/wp-content\/uploads\/2024\/04\/IMG_8071-768x1024.jpeg\" alt=\"\" class=\"wp-image-311 size-full\" srcset=\"https:\/\/foam-live.de\/wp-content\/uploads\/2024\/04\/IMG_8071-768x1024.jpeg 768w, https:\/\/foam-live.de\/wp-content\/uploads\/2024\/04\/IMG_8071-225x300.jpeg 225w, https:\/\/foam-live.de\/wp-content\/uploads\/2024\/04\/IMG_8071-1152x1536.jpeg 1152w, https:\/\/foam-live.de\/wp-content\/uploads\/2024\/04\/IMG_8071-1536x2048.jpeg 1536w, https:\/\/foam-live.de\/wp-content\/uploads\/2024\/04\/IMG_8071-scaled.jpeg 1920w\" sizes=\"(max-width: 768px) 100vw, 768px\" \/><\/figure><div class=\"wp-block-media-text__content\">\n<h2 class=\"wp-block-heading\">Schatzmeister<\/h2>\n\n\n\n<h4 class=\"wp-block-heading\">Florian Sevecke<\/h4>\n\n\n\n<p>.. ist Notfallsanit\u00e4ter, Praxisanleiter, AHA PALS-, BLS-, ACLS- und GEMS-\/AMLS-Instruktor. Aktuell arbeitet er hauptberuflich an einer Landesrettungsdienstschule und studiert berufsbegleitend Berufsp\u00e4dagogik im Fachbereich Rettung.<\/p>\n<\/div><\/div>\n\n\n\n<p><\/p>\n\n\n\n<div class=\"wp-block-media-text is-stacked-on-mobile is-vertically-aligned-center\" style=\"grid-template-columns:40% auto\"><figure class=\"wp-block-media-text__media\"><img loading=\"lazy\" decoding=\"async\" width=\"768\" height=\"1024\" src=\"https:\/\/foam-live.de\/wp-content\/uploads\/2024\/04\/photo-2-768x1024.jpg\" alt=\"\" class=\"wp-image-325 size-full\" srcset=\"https:\/\/foam-live.de\/wp-content\/uploads\/2024\/04\/photo-2-768x1024.jpg 768w, https:\/\/foam-live.de\/wp-content\/uploads\/2024\/04\/photo-2-225x300.jpg 225w, https:\/\/foam-live.de\/wp-content\/uploads\/2024\/04\/photo-2-1152x1536.jpg 1152w, https:\/\/foam-live.de\/wp-content\/uploads\/2024\/04\/photo-2-1536x2048.jpg 1536w, https:\/\/foam-live.de\/wp-content\/uploads\/2024\/04\/photo-2-scaled.jpg 1920w\" sizes=\"(max-width: 768px) 100vw, 768px\" \/><\/figure><div class=\"wp-block-media-text__content\">\n<h2 class=\"wp-block-heading\">Stellvertretender Schatzmeister<\/h2>\n\n\n\n<h4 class=\"wp-block-heading\">Dominik Strecker<\/h4>\n\n\n\n<p>..ist Notfallsanit\u00e4ter, Praxisanleiter, AHA BLS- und ACLS Instruktor. <br>Aktuell arbeitet er hauptberuflich an einer Landesrettungsdienstschule und studiert berufsbegleitend Medizinp\u00e4dagogik.<\/p>\n<\/div><\/div>\n\n\n\n<p><\/p>\n\n\n\n<div class=\"wp-block-media-text is-stacked-on-mobile is-vertically-aligned-center\" style=\"grid-template-columns:40% auto\"><figure class=\"wp-block-media-text__media\"><img loading=\"lazy\" decoding=\"async\" width=\"768\" height=\"1024\" src=\"https:\/\/foam-live.de\/wp-content\/uploads\/2024\/04\/photo-3-768x1024.jpg\" alt=\"\" class=\"wp-image-327 size-full\" srcset=\"https:\/\/foam-live.de\/wp-content\/uploads\/2024\/04\/photo-3-768x1024.jpg 768w, https:\/\/foam-live.de\/wp-content\/uploads\/2024\/04\/photo-3-225x300.jpg 225w, https:\/\/foam-live.de\/wp-content\/uploads\/2024\/04\/photo-3-1152x1536.jpg 1152w, https:\/\/foam-live.de\/wp-content\/uploads\/2024\/04\/photo-3-1536x2048.jpg 1536w, https:\/\/foam-live.de\/wp-content\/uploads\/2024\/04\/photo-3-scaled.jpg 1920w\" sizes=\"(max-width: 768px) 100vw, 768px\" \/><\/figure><div class=\"wp-block-media-text__content\">\n<h2 class=\"wp-block-heading\">Kornelius Treiber <\/h2>\n\n\n\n<p>&#8230; ist Notfallsanit\u00e4ter, ACLS-Instruktor und GEMS Instruktor Kandidat. Aktuell arbeitet er hauptberuflich an einer Landesrettungsdienstschule und studiert berufsbegleitend Medizinp\u00e4dagogik. <\/p>\n<\/div><\/div>\n\n\n\n<p><\/p>\n\n\n\n<div class=\"wp-block-media-text is-stacked-on-mobile is-vertically-aligned-center\" style=\"grid-template-columns:40% auto\"><figure class=\"wp-block-media-text__media\"><img loading=\"lazy\" decoding=\"async\" width=\"1024\" height=\"682\" src=\"https:\/\/foam-live.de\/wp-content\/uploads\/2024\/06\/Tim_Eschbach_FOAM-1-1024x682.jpeg\" alt=\"\" class=\"wp-image-476 size-full\" srcset=\"https:\/\/foam-live.de\/wp-content\/uploads\/2024\/06\/Tim_Eschbach_FOAM-1-1024x682.jpeg 1024w, https:\/\/foam-live.de\/wp-content\/uploads\/2024\/06\/Tim_Eschbach_FOAM-1-300x200.jpeg 300w, https:\/\/foam-live.de\/wp-content\/uploads\/2024\/06\/Tim_Eschbach_FOAM-1-768x512.jpeg 768w, https:\/\/foam-live.de\/wp-content\/uploads\/2024\/06\/Tim_Eschbach_FOAM-1-1536x1023.jpeg 1536w, https:\/\/foam-live.de\/wp-content\/uploads\/2024\/06\/Tim_Eschbach_FOAM-1.jpeg 2048w\" sizes=\"(max-width: 1024px) 100vw, 1024px\" \/><\/figure><div class=\"wp-block-media-text__content\">\n<h2 class=\"wp-block-heading\">Dr.  med. Tim Eschbach<\/h2>\n\n\n\n<p>\u2026 ist Notfallmediziner aus Leidenschaft mit Erfahrung pr\u00e4klinisch und innerklinisch. Er ist Oberarzt in einer Zentralen Notaufnahme und Leitender Notarzt.  <br>Er ist ACILS-, AMLS- und PHTLS-Provider, GEMS-Instruktor, ABS-Experte und Inhaber des DEGUM-Notfallsonografie-Zertifikats Stufe I sowie Gr\u00fcnder von SonoResQ.  <br>Seine Schwerpunkte sind interdisziplin\u00e4re Notfallversorgung, Aus- und Weiterbildung, positive Fehlerkultur und Crew Resource Management (CRM). Er ist Koordinator und Autor bei Notfallguru (GURUfacts) und engagiert sich in der Konzeption und Durchf\u00fchrung simulationsbasierter Trainings in Zusammenarbeit mit Rettungsdienst und Feuerwehr.<\/p>\n<\/div><\/div>\n\n\n\n<div class=\"wp-block-media-text is-stacked-on-mobile is-vertically-aligned-center\" style=\"grid-template-columns:40% auto\"><figure class=\"wp-block-media-text__media\"><img loading=\"lazy\" decoding=\"async\" width=\"1365\" height=\"2048\" src=\"https:\/\/foam-live.de\/wp-content\/uploads\/2024\/06\/Manuel_Heinz_FOAM.jpg\" alt=\"\" class=\"wp-image-462 size-full\" srcset=\"https:\/\/foam-live.de\/wp-content\/uploads\/2024\/06\/Manuel_Heinz_FOAM.jpg 1365w, https:\/\/foam-live.de\/wp-content\/uploads\/2024\/06\/Manuel_Heinz_FOAM-200x300.jpg 200w, https:\/\/foam-live.de\/wp-content\/uploads\/2024\/06\/Manuel_Heinz_FOAM-683x1024.jpg 683w, https:\/\/foam-live.de\/wp-content\/uploads\/2024\/06\/Manuel_Heinz_FOAM-768x1152.jpg 768w, https:\/\/foam-live.de\/wp-content\/uploads\/2024\/06\/Manuel_Heinz_FOAM-1024x1536.jpg 1024w\" sizes=\"(max-width: 1365px) 100vw, 1365px\" \/><\/figure><div class=\"wp-block-media-text__content\">\n<h2 class=\"wp-block-heading\">Manuel Heinz<\/h2>\n\n\n\n<p>\u2026 ist Notfallsanit\u00e4ter  und PHTLS\/AMLS\/EPC-Provider mit einer Leidenschaft f\u00fcr Leitlinien, Journal Clubs und alles was mit evidence-based medicine zu tun hat. <\/p>\n<\/div><\/div>\n\n\n\n<p><\/p>\n\n\n\n<div class=\"wp-block-media-text is-stacked-on-mobile is-vertically-aligned-center\" style=\"grid-template-columns:40% auto\"><figure class=\"wp-block-media-text__media\"><img loading=\"lazy\" decoding=\"async\" width=\"768\" height=\"1024\" src=\"https:\/\/foam-live.de\/wp-content\/uploads\/2024\/06\/Dennis_Ritter_FOAM-768x1024-1.jpeg\" alt=\"\" class=\"wp-image-464 size-full\" srcset=\"https:\/\/foam-live.de\/wp-content\/uploads\/2024\/06\/Dennis_Ritter_FOAM-768x1024-1.jpeg 768w, https:\/\/foam-live.de\/wp-content\/uploads\/2024\/06\/Dennis_Ritter_FOAM-768x1024-1-225x300.jpeg 225w\" sizes=\"(max-width: 768px) 100vw, 768px\" \/><\/figure><div class=\"wp-block-media-text__content\">\n<h2 class=\"wp-block-heading\">Dr. Dennis Ritter<\/h2>\n\n\n\n<p><\/p>\n<\/div><\/div>\n\n\n\n<p><\/p>\n\n\n\n<div class=\"wp-block-media-text is-stacked-on-mobile is-vertically-aligned-center\" style=\"grid-template-columns:40% auto\"><figure class=\"wp-block-media-text__media\"><img loading=\"lazy\" decoding=\"async\" width=\"768\" height=\"1024\" src=\"https:\/\/foam-live.de\/wp-content\/uploads\/2024\/06\/Lennart_Laidig_FOAM-768x1024.jpeg\" alt=\"\" class=\"wp-image-531 size-full\" srcset=\"https:\/\/foam-live.de\/wp-content\/uploads\/2024\/06\/Lennart_Laidig_FOAM-768x1024.jpeg 768w, https:\/\/foam-live.de\/wp-content\/uploads\/2024\/06\/Lennart_Laidig_FOAM-225x300.jpeg 225w, https:\/\/foam-live.de\/wp-content\/uploads\/2024\/06\/Lennart_Laidig_FOAM-1152x1536.jpeg 1152w, https:\/\/foam-live.de\/wp-content\/uploads\/2024\/06\/Lennart_Laidig_FOAM.jpeg 1536w\" sizes=\"(max-width: 768px) 100vw, 768px\" \/><\/figure><div class=\"wp-block-media-text__content\">\n<h2 class=\"wp-block-heading\">Lennart Laidig<\/h2>\n\n\n\n<p>\u2026ist Notfallsanit\u00e4ter und ACLS\/PALS\/GEMS-Provider. Aktuell arbeitet er Hauptberuflich im Regelrettungsdienst und unterst\u00fctzt die Landesschule in der Ausbildung.<\/p>\n<\/div><\/div>\n\n\n\n<p><\/p>\n\n\n\n<div class=\"wp-block-media-text is-stacked-on-mobile is-vertically-aligned-center\" style=\"grid-template-columns:40% auto\"><figure class=\"wp-block-media-text__media\"><img loading=\"lazy\" decoding=\"async\" width=\"768\" height=\"1024\" src=\"https:\/\/foam-live.de\/wp-content\/uploads\/2024\/05\/Arthur_Schoerder_FOAM-768x1024.jpg\" alt=\"\" class=\"wp-image-338 size-full\" srcset=\"https:\/\/foam-live.de\/wp-content\/uploads\/2024\/05\/Arthur_Schoerder_FOAM-768x1024.jpg 768w, https:\/\/foam-live.de\/wp-content\/uploads\/2024\/05\/Arthur_Schoerder_FOAM-225x300.jpg 225w, https:\/\/foam-live.de\/wp-content\/uploads\/2024\/05\/Arthur_Schoerder_FOAM-1152x1536.jpg 1152w, https:\/\/foam-live.de\/wp-content\/uploads\/2024\/05\/Arthur_Schoerder_FOAM-1536x2048.jpg 1536w, https:\/\/foam-live.de\/wp-content\/uploads\/2024\/05\/Arthur_Schoerder_FOAM-scaled.jpg 1920w\" sizes=\"(max-width: 768px) 100vw, 768px\" \/><\/figure><div class=\"wp-block-media-text__content\">\n<h2 class=\"wp-block-heading\">Arthur Schr\u00f6der<\/h2>\n\n\n\n<p>\u2026ist Rettungsassistent seit 2007, leidenschaftlicher Facharzt f\u00fcr Kinder- \/ Jugendmedizin und t\u00e4tig in der An\u00e4sthesie. Des weiteren ist er Instruktor f\u00fcr EPC\/PLAS\/ACLS\/PHTLS.<\/p>\n<\/div><\/div>\n\n\n\n<p><\/p>\n\n\n\n<div class=\"wp-block-media-text is-stacked-on-mobile is-vertically-aligned-center\" style=\"grid-template-columns:40% auto\"><figure class=\"wp-block-media-text__media\"><img data-dominant-color=\"d3b498\" data-has-transparency=\"false\" style=\"--dominant-color: #d3b498;\" loading=\"lazy\" decoding=\"async\" width=\"768\" height=\"1024\" src=\"https:\/\/foam-live.de\/wp-content\/uploads\/2025\/03\/Deike_FOAM-768x1024.webp\" alt=\"\" class=\"wp-image-844 size-full not-transparent\" srcset=\"https:\/\/foam-live.de\/wp-content\/uploads\/2025\/03\/Deike_FOAM-768x1024.webp 768w, https:\/\/foam-live.de\/wp-content\/uploads\/2025\/03\/Deike_FOAM-225x300.webp 225w, https:\/\/foam-live.de\/wp-content\/uploads\/2025\/03\/Deike_FOAM-1152x1536.webp 1152w, https:\/\/foam-live.de\/wp-content\/uploads\/2025\/03\/Deike_FOAM.webp 1200w\" sizes=\"(max-width: 768px) 100vw, 768px\" \/><\/figure><div class=\"wp-block-media-text__content\">\n<h2 class=\"wp-block-heading\">Jan Deike<\/h2>\n\n\n\n<p>\u2026ist Notfallsanit\u00e4ter-Azubi, AHA BLS und ACLS Provider und interessiert sich neben evidenzbasierter Medizin auch f\u00fcr die Bereiche Einsatztaktik, MANV und Katastrophenschutz.<\/p>\n<\/div><\/div>\n\n\n\n<p><\/p>\n\n\n\n<div class=\"wp-block-media-text is-stacked-on-mobile is-vertically-aligned-center\" style=\"grid-template-columns:40% auto\"><figure class=\"wp-block-media-text__media\"><img data-dominant-color=\"7b848a\" data-has-transparency=\"false\" style=\"--dominant-color: #7b848a;\" loading=\"lazy\" decoding=\"async\" width=\"712\" height=\"1024\" src=\"https:\/\/foam-live.de\/wp-content\/uploads\/2025\/06\/Rigo_FOAM-712x1024.webp\" alt=\"\" class=\"wp-image-953 size-full not-transparent\" srcset=\"https:\/\/foam-live.de\/wp-content\/uploads\/2025\/06\/Rigo_FOAM-712x1024.webp 712w, https:\/\/foam-live.de\/wp-content\/uploads\/2025\/06\/Rigo_FOAM-209x300.webp 209w, https:\/\/foam-live.de\/wp-content\/uploads\/2025\/06\/Rigo_FOAM-768x1105.webp 768w, https:\/\/foam-live.de\/wp-content\/uploads\/2025\/06\/Rigo_FOAM-1068x1536.webp 1068w, https:\/\/foam-live.de\/wp-content\/uploads\/2025\/06\/Rigo_FOAM-1424x2048.webp 1424w, https:\/\/foam-live.de\/wp-content\/uploads\/2025\/06\/Rigo_FOAM-scaled.webp 1780w\" sizes=\"(max-width: 712px) 100vw, 712px\" \/><\/figure><div class=\"wp-block-media-text__content\">\n<h2 class=\"wp-block-heading\">Phillip Rigo<\/h2>\n\n\n\n<p>\u2026&nbsp;ist Notfallsanit\u00e4ter, AHA ACLS\/PALS Provider&nbsp;und SBB-Stipendiat mit einer gro\u00dfen Leidenschaft&nbsp;f\u00fcr Zacken und Wellen auf kariertem Papier.&nbsp;Aktuell arbeitet er hauptberuflich im Regelrettungsdienst.<\/p>\n<\/div><\/div>\n\n\n\n<p><\/p>\n\n\n\n<div class=\"wp-block-media-text is-stacked-on-mobile is-vertically-aligned-center\" style=\"grid-template-columns:40% auto\"><figure class=\"wp-block-media-text__media\"><img data-dominant-color=\"5f573e\" data-has-transparency=\"false\" style=\"--dominant-color: #5f573e;\" loading=\"lazy\" decoding=\"async\" width=\"741\" height=\"994\" src=\"https:\/\/foam-live.de\/wp-content\/uploads\/2025\/12\/Denise_Schilbock_FOAM.webp\" alt=\"\" class=\"wp-image-1037 size-full not-transparent\" srcset=\"https:\/\/foam-live.de\/wp-content\/uploads\/2025\/12\/Denise_Schilbock_FOAM.webp 741w, https:\/\/foam-live.de\/wp-content\/uploads\/2025\/12\/Denise_Schilbock_FOAM-224x300.webp 224w\" sizes=\"(max-width: 741px) 100vw, 741px\" \/><\/figure><div class=\"wp-block-media-text__content\">\n<h2 class=\"wp-block-heading\">Denise Schilbock<\/h2>\n\n\n\n<p>\u2026&nbsp;ist Notfallsanit\u00e4terin, Praxisanleiterin und AHA PALS Instruktorin. Aktuell arbeitet sie hauptberuflich an einer Landesrettungsdienstschule und studiert berufsbegleitend Medizinp\u00e4dagogik.&nbsp;<\/p>\n<\/div><\/div>\n\n\n\n<p><\/p>\n\n\n\n<div class=\"wp-block-media-text is-stacked-on-mobile is-vertically-aligned-center\" style=\"grid-template-columns:40% auto\"><figure class=\"wp-block-media-text__media\"><img data-dominant-color=\"b0a8a1\" data-has-transparency=\"false\" style=\"--dominant-color: #b0a8a1;\" loading=\"lazy\" decoding=\"async\" width=\"757\" height=\"1024\" src=\"https:\/\/foam-live.de\/wp-content\/uploads\/2025\/12\/Pauline_Deininger_FOAM-757x1024.webp\" alt=\"\" class=\"wp-image-1038 size-full not-transparent\" srcset=\"https:\/\/foam-live.de\/wp-content\/uploads\/2025\/12\/Pauline_Deininger_FOAM-757x1024.webp 757w, https:\/\/foam-live.de\/wp-content\/uploads\/2025\/12\/Pauline_Deininger_FOAM-222x300.webp 222w, https:\/\/foam-live.de\/wp-content\/uploads\/2025\/12\/Pauline_Deininger_FOAM-768x1039.webp 768w, https:\/\/foam-live.de\/wp-content\/uploads\/2025\/12\/Pauline_Deininger_FOAM-1135x1536.webp 1135w, https:\/\/foam-live.de\/wp-content\/uploads\/2025\/12\/Pauline_Deininger_FOAM-1513x2048.webp 1513w, https:\/\/foam-live.de\/wp-content\/uploads\/2025\/12\/Pauline_Deininger_FOAM-scaled.webp 1892w\" sizes=\"(max-width: 757px) 100vw, 757px\" \/><\/figure><div class=\"wp-block-media-text__content\">\n<h2 class=\"wp-block-heading\">Pauline Deininger<\/h2>\n\n\n\n<p>\u2026&nbsp;ist Notfallsanit\u00e4terin und MFA.&nbsp;<br>Aktuell arbeitet sie hauptberuflich an einer Landesrettungsdienstschule und studiert berufsbegleitend Medizinp\u00e4dagogik.<\/p>\n<\/div><\/div>\n\n\n\n<p><\/p>\n\n\n\n<div class=\"wp-block-media-text is-stacked-on-mobile is-vertically-aligned-center\" style=\"grid-template-columns:40% auto\"><figure class=\"wp-block-media-text__media\"><img data-dominant-color=\"928a8d\" data-has-transparency=\"false\" style=\"--dominant-color: #928a8d;\" loading=\"lazy\" decoding=\"async\" width=\"745\" height=\"1024\" src=\"https:\/\/foam-live.de\/wp-content\/uploads\/2025\/12\/Saskia_Stegmueller_FOAM-745x1024.webp\" alt=\"\" class=\"wp-image-1039 size-full not-transparent\" srcset=\"https:\/\/foam-live.de\/wp-content\/uploads\/2025\/12\/Saskia_Stegmueller_FOAM-745x1024.webp 745w, https:\/\/foam-live.de\/wp-content\/uploads\/2025\/12\/Saskia_Stegmueller_FOAM-218x300.webp 218w, https:\/\/foam-live.de\/wp-content\/uploads\/2025\/12\/Saskia_Stegmueller_FOAM-768x1055.webp 768w, https:\/\/foam-live.de\/wp-content\/uploads\/2025\/12\/Saskia_Stegmueller_FOAM-1118x1536.webp 1118w, https:\/\/foam-live.de\/wp-content\/uploads\/2025\/12\/Saskia_Stegmueller_FOAM-1491x2048.webp 1491w, https:\/\/foam-live.de\/wp-content\/uploads\/2025\/12\/Saskia_Stegmueller_FOAM-scaled.webp 1863w\" sizes=\"(max-width: 745px) 100vw, 745px\" \/><\/figure><div class=\"wp-block-media-text__content\">\n<h2 class=\"wp-block-heading\">Dr. med. Saskia Stegm\u00fcller<\/h2>\n\n\n\n<p>\u2026&nbsp;&nbsp;fr\u00fcher Rettungsassistentin, seit 2022 in der Inneren Medizin Assistenz\u00e4rztin und Not\u00e4rztin mit Schwerpunkt in der kardiovaskul\u00e4ren Notfall- und Intensivmedizin.<br>Sie ist ACLS\/ ITLS\/ TRM Provider mit Leidenschaft f\u00fcr Rhythmusst\u00f6rungen, Notfallsonographie und Crew Resource Management.<\/p>\n<\/div><\/div>\n\n\n\n<p><\/p>\n\n\n\n<div class=\"wp-block-media-text is-stacked-on-mobile is-vertically-aligned-center\" style=\"grid-template-columns:40% auto\"><figure class=\"wp-block-media-text__media\"><img data-dominant-color=\"777277\" data-has-transparency=\"false\" style=\"--dominant-color: #777277;\" loading=\"lazy\" decoding=\"async\" width=\"711\" height=\"1024\" src=\"https:\/\/foam-live.de\/wp-content\/uploads\/2025\/12\/Simon_Lorenz_FOAM-711x1024.webp\" alt=\"\" class=\"wp-image-1040 size-full not-transparent\" srcset=\"https:\/\/foam-live.de\/wp-content\/uploads\/2025\/12\/Simon_Lorenz_FOAM-711x1024.webp 711w, https:\/\/foam-live.de\/wp-content\/uploads\/2025\/12\/Simon_Lorenz_FOAM-208x300.webp 208w, https:\/\/foam-live.de\/wp-content\/uploads\/2025\/12\/Simon_Lorenz_FOAM-768x1106.webp 768w, https:\/\/foam-live.de\/wp-content\/uploads\/2025\/12\/Simon_Lorenz_FOAM-1067x1536.webp 1067w, https:\/\/foam-live.de\/wp-content\/uploads\/2025\/12\/Simon_Lorenz_FOAM.webp 1111w\" sizes=\"(max-width: 711px) 100vw, 711px\" \/><\/figure><div class=\"wp-block-media-text__content\">\n<h2 class=\"wp-block-heading\">Dr. med. Simon Lorenz<\/h2>\n\n\n\n<p>\u2026&nbsp;&nbsp;ist seit 2011 als Rettungssanit\u00e4ter im Rettungsdienst und seit 2016 als Gesundheits-&amp; Krankenpfleger in der station\u00e4ren und fliegenden Intensivmedizin unterwegs gewesen. 2026 startet er nach abgeschlossem Studium in neuer Position als Arzt in der An\u00e4sthesie.&nbsp;ACLS &amp; AMLS Instruktor, ACLS-EP, ACILS, EPALS-Provider.<\/p>\n<\/div><\/div>\n\n\n\n<p><\/p>\n\n\n\n<div class=\"wp-block-media-text is-stacked-on-mobile is-vertically-aligned-center\" style=\"grid-template-columns:40% auto\"><figure class=\"wp-block-media-text__media\"><img data-dominant-color=\"7f746c\" data-has-transparency=\"false\" style=\"--dominant-color: #7f746c;\" loading=\"lazy\" decoding=\"async\" width=\"768\" height=\"1024\" src=\"https:\/\/foam-live.de\/wp-content\/uploads\/2026\/03\/IMG_1907-768x1024.avif\" alt=\"\" class=\"wp-image-1136 size-full not-transparent\" srcset=\"https:\/\/foam-live.de\/wp-content\/uploads\/2026\/03\/IMG_1907-768x1024.avif 768w, https:\/\/foam-live.de\/wp-content\/uploads\/2026\/03\/IMG_1907-225x300.avif 225w, https:\/\/foam-live.de\/wp-content\/uploads\/2026\/03\/IMG_1907-1152x1536.avif 1152w, https:\/\/foam-live.de\/wp-content\/uploads\/2026\/03\/IMG_1907-1536x2048.avif 1536w, https:\/\/foam-live.de\/wp-content\/uploads\/2026\/03\/IMG_1907-scaled.avif 1920w\" sizes=\"(max-width: 768px) 100vw, 768px\" \/><\/figure><div class=\"wp-block-media-text__content\">\n<h2 class=\"wp-block-heading\">Jendrik Seither <\/h2>\n\n\n\n<p>\u2026\u00a0\u00a0ist Notfallsanit\u00e4ter in der Landrettung. Fachgesundheits- und Krankenpfleger f\u00fcr Intensiv und An\u00e4sthesie, Instructor verschiedener innerklinischer und pr\u00e4klinische Kursformate und freiberuflich als Medizinp\u00e4dagoge t\u00e4tig. <\/p>\n<\/div><\/div>\n\n\n\n<p><\/p>\n\n\n\n<div class=\"wp-block-media-text is-stacked-on-mobile is-vertically-aligned-center\" style=\"grid-template-columns:40% auto\"><figure class=\"wp-block-media-text__media\"><img loading=\"lazy\" decoding=\"async\" width=\"640\" height=\"640\" src=\"https:\/\/foam-live.de\/wp-content\/uploads\/2024\/04\/WhatsApp-Image-2024-04-16-at-12.12.40.jpeg\" alt=\"\" class=\"wp-image-332 size-full\" srcset=\"https:\/\/foam-live.de\/wp-content\/uploads\/2024\/04\/WhatsApp-Image-2024-04-16-at-12.12.40.jpeg 640w, https:\/\/foam-live.de\/wp-content\/uploads\/2024\/04\/WhatsApp-Image-2024-04-16-at-12.12.40-300x300.jpeg 300w, https:\/\/foam-live.de\/wp-content\/uploads\/2024\/04\/WhatsApp-Image-2024-04-16-at-12.12.40-150x150.jpeg 150w\" sizes=\"(max-width: 640px) 100vw, 640px\" \/><\/figure><div class=\"wp-block-media-text__content\">\n<h2 class=\"wp-block-heading\">Kevin Stiller<\/h2>\n\n\n\n<p>\u2026 ist Notfallsanit\u00e4ter seit 2021 und Medizinp\u00e4dagoge. Erste Schritte in die Welt des FOAMed hat Kevin bereits in der Ausbildung erhalten und gemeinsam mit weiteren FOAM\u00b4lern sein Projekt &#8222;Schlag\u00b4s nach!&#8220; gestartet. Kevin arbeitet in der betrieblichen Aus- und Fortbildung bei einem Rettungsdienst in Baden-W\u00fcrttemberg und ist als Honorardozent t\u00e4tig. Weiterhin ist er f\u00fcr die DIVI als Insturctor bei ANNA-Kursen unterwegs.<\/p>\n<\/div><\/div>\n","protected":false},"excerpt":{"rendered":"<p>2. Vorsitzende Catharina Heiligers &#8230; ist Fach\u00e4rztin &nbsp;f\u00fcr An\u00e4sthesie, Intensivmedizin und Schmerzmedizin, Not\u00e4rztin, PALS Providerin und Instruktorin, ACLS und PHTLS Provider, Dozentin in der Erwachsenenbildung, wissenschaftliche Leitung ATEM, examinierte Krankenschwester. Schatzmeister Florian Sevecke .. ist Notfallsanit\u00e4ter, Praxisanleiter, AHA PALS-, BLS-, ACLS- und GEMS-\/AMLS-Instruktor. Aktuell arbeitet er hauptberuflich an einer Landesrettungsdienstschule und studiert berufsbegleitend Berufsp\u00e4dagogik im&#8230;<\/p>\n","protected":false},"author":3,"featured_media":0,"parent":0,"menu_order":3,"comment_status":"closed","ping_status":"closed","template":"","meta":{"_kad_post_transparent":"","_kad_post_title":"","_kad_post_layout":"","_kad_post_sidebar_id":"","_kad_post_content_style":"","_kad_post_vertical_padding":"","_kad_post_feature":"","_kad_post_feature_position":"","_kad_post_header":false,"_kad_post_footer":false,"_kad_post_classname":"","footnotes":""},"class_list":["post-308","page","type-page","status-publish","hentry"],"_links":{"self":[{"href":"https:\/\/foam-live.de\/index.php?rest_route=\/wp\/v2\/pages\/308","targetHints":{"allow":["GET"]}}],"collection":[{"href":"https:\/\/foam-live.de\/index.php?rest_route=\/wp\/v2\/pages"}],"about":[{"href":"https:\/\/foam-live.de\/index.php?rest_route=\/wp\/v2\/types\/page"}],"author":[{"embeddable":true,"href":"https:\/\/foam-live.de\/index.php?rest_route=\/wp\/v2\/users\/3"}],"replies":[{"embeddable":true,"href":"https:\/\/foam-live.de\/index.php?rest_route=%2Fwp%2Fv2%2Fcomments&post=308"}],"version-history":[{"count":2,"href":"https:\/\/foam-live.de\/index.php?rest_route=\/wp\/v2\/pages\/308\/revisions"}],"predecessor-version":[{"id":1137,"href":"https:\/\/foam-live.de\/index.php?rest_route=\/wp\/v2\/pages\/308\/revisions\/1137"}],"wp:attachment":[{"href":"https:\/\/foam-live.de\/index.php?rest_route=%2Fwp%2Fv2%2Fmedia&parent=308"}],"curies":[{"name":"wp","href":"https:\/\/api.w.org\/{rel}","templated":true}]}}